{"id":18,"date":"2011-01-23T13:59:08","date_gmt":"2011-01-23T13:59:08","guid":{"rendered":"http:\/\/igpe.se\/?page_id=18"},"modified":"2019-07-07T07:10:11","modified_gmt":"2019-07-07T07:10:11","slug":"kontakta-oss","status":"publish","type":"page","link":"https:\/\/igpe.se\/?page_id=18","title":{"rendered":"Kontakta oss"},"content":{"rendered":"<p><em><em>Du \u00e4r v\u00e4lkommen att kontakta oss n\u00e4r du vill genom e-post eller telefon. Om vi inte kan svara n\u00e4r du ringer,\u00a0 l\u00e4mna ett meddelande s\u00e5 tar vi kontakt med dig.<\/em><\/em><\/p>\n<p><em><em><\/em>Telefon 072\/2765430<\/em><\/p>\n<p><em>Sveav\u00e4gen 2A<\/em><\/p>\n<p><em>702 14 \u00d6rebro<\/em><\/p>\n<p><em>Centralt p\u00e5 \u00d6ster.<\/em><\/p>\n<p><em><\/em><em><a href=\"mailto:kontakt@igpe.se\">kontakt@igpe.se<\/a><\/em><\/p>\n<p><a href=\"https:\/\/www.google.com\/maps\/place\/Sveav%C3%A4gen+2A,+702+14+%C3%96rebro\/@59.2669721,15.2279514,17z\/data=!3m1!4b1!4m5!3m4!1s0x465c14fecd4f9027:0x96977b6a5c9486c7!8m2!3d59.2669721!4d15.2301401\">Karta<\/a><\/p>\n","protected":false},"excerpt":{"rendered":"<p>Du \u00e4r v\u00e4lkommen att kontakta oss n\u00e4r du vill genom e-post eller telefon. Om vi inte kan svara n\u00e4r du ringer,\u00a0 l\u00e4mna ett meddelande s\u00e5 tar vi kontakt med dig. Telefon 072\/2765430 Sveav\u00e4gen 2A 702 14 \u00d6rebro Centralt p\u00e5 \u00d6ster. &hellip; <a href=\"https:\/\/igpe.se\/?page_id=18\">Continue reading <span class=\"meta-nav\">&rarr;<\/span><\/a><\/p>\n","protected":false},"author":1,"featured_media":0,"parent":0,"menu_order":0,"comment_status":"closed","ping_status":"open","template":"","meta":[],"_links":{"self":[{"href":"https:\/\/igpe.se\/index.php?rest_route=\/wp\/v2\/pages\/18"}],"collection":[{"href":"https:\/\/igpe.se\/index.php?rest_route=\/wp\/v2\/pages"}],"about":[{"href":"https:\/\/igpe.se\/index.php?rest_route=\/wp\/v2\/types\/page"}],"author":[{"embeddable":true,"href":"https:\/\/igpe.se\/index.php?rest_route=\/wp\/v2\/users\/1"}],"replies":[{"embeddable":true,"href":"https:\/\/igpe.se\/index.php?rest_route=%2Fwp%2Fv2%2Fcomments&post=18"}],"version-history":[{"count":37,"href":"https:\/\/igpe.se\/index.php?rest_route=\/wp\/v2\/pages\/18\/revisions"}],"predecessor-version":[{"id":288,"href":"https:\/\/igpe.se\/index.php?rest_route=\/wp\/v2\/pages\/18\/revisions\/288"}],"wp:attachment":[{"href":"https:\/\/igpe.se\/index.php?rest_route=%2Fwp%2Fv2%2Fmedia&parent=18"}],"curies":[{"name":"wp","href":"https:\/\/api.w.org\/{rel}","templated":true}]}}