{"id":211,"date":"2012-03-12T07:34:03","date_gmt":"2012-03-12T07:34:03","guid":{"rendered":"http:\/\/igpe.se\/?page_id=211"},"modified":"2018-02-02T09:34:33","modified_gmt":"2018-02-02T09:34:33","slug":"psykoterapi-2","status":"publish","type":"page","link":"https:\/\/igpe.se\/?page_id=211","title":{"rendered":"Psykoterapi Psykologsamtal"},"content":{"rendered":"<p><em>Samtalet \u00e4r en m\u00f6jlighet till f\u00f6r\u00e4ndring och personlig utveckling. Det ger utrymme att stanna upp, se sammanhang och f\u00e5 nya perspektiv p\u00e5 Dig sj\u00e4lv, Dina erfarenheter, Dina m\u00f6jligheter och p\u00e5 det som har betydelse f\u00f6r Dig idag.<\/em><\/p>\n<p><em>Det kan finnas m\u00e5nga livssituationer d\u00e5 det kan vara till f\u00f6rdel att samtala med en Legitimerad Psykolog. <\/em><\/p>\n<p><em>Tillexempel vid problem i parrelationer, \u00e5ngestproblematik, depression eller krisbearbetning. Man kan besv\u00e4ras av tankar, som g\u00e5r \u00e5t olika h\u00e5ll och som \u00e4r sv\u00e5ra att hantera och sortera. Att man upprepar ett m\u00f6nster som man har sv\u00e5rt att bryta eller f\u00f6rst\u00e5 vad det \u00e4r som p\u00e5verkar att det hela tiden upprepas. Det kan r\u00f6ra sig om relationer, ensamhet, aktuella eller tidigare h\u00e4ndelser. Det kan ocks\u00e5 handla om fobi, livsfr\u00e5gor, om sj\u00e4lvk\u00e4nsla, sj\u00e4lvbild, os\u00e4kerhet och om livets mening.<br \/>\n<\/em><\/p>\n","protected":false},"excerpt":{"rendered":"<p>Samtalet \u00e4r en m\u00f6jlighet till f\u00f6r\u00e4ndring och personlig utveckling. Det ger utrymme att stanna upp, se sammanhang och f\u00e5 nya perspektiv p\u00e5 Dig sj\u00e4lv, Dina erfarenheter, Dina m\u00f6jligheter och p\u00e5 det som har betydelse f\u00f6r Dig idag. Det kan finnas &hellip; <a href=\"https:\/\/igpe.se\/?page_id=211\">Continue reading <span class=\"meta-nav\">&rarr;<\/span><\/a><\/p>\n","protected":false},"author":1,"featured_media":0,"parent":0,"menu_order":0,"comment_status":"closed","ping_status":"closed","template":"","meta":[],"_links":{"self":[{"href":"https:\/\/igpe.se\/index.php?rest_route=\/wp\/v2\/pages\/211"}],"collection":[{"href":"https:\/\/igpe.se\/index.php?rest_route=\/wp\/v2\/pages"}],"about":[{"href":"https:\/\/igpe.se\/index.php?rest_route=\/wp\/v2\/types\/page"}],"author":[{"embeddable":true,"href":"https:\/\/igpe.se\/index.php?rest_route=\/wp\/v2\/users\/1"}],"replies":[{"embeddable":true,"href":"https:\/\/igpe.se\/index.php?rest_route=%2Fwp%2Fv2%2Fcomments&post=211"}],"version-history":[{"count":14,"href":"https:\/\/igpe.se\/index.php?rest_route=\/wp\/v2\/pages\/211\/revisions"}],"predecessor-version":[{"id":275,"href":"https:\/\/igpe.se\/index.php?rest_route=\/wp\/v2\/pages\/211\/revisions\/275"}],"wp:attachment":[{"href":"https:\/\/igpe.se\/index.php?rest_route=%2Fwp%2Fv2%2Fmedia&parent=211"}],"curies":[{"name":"wp","href":"https:\/\/api.w.org\/{rel}","templated":true}]}}