{"id":23,"date":"2011-01-23T17:24:13","date_gmt":"2011-01-23T17:24:13","guid":{"rendered":"http:\/\/igpe.se\/?page_id=23"},"modified":"2024-11-06T14:28:33","modified_gmt":"2024-11-06T14:28:33","slug":"psykoterapi","status":"publish","type":"page","link":"https:\/\/igpe.se\/","title":{"rendered":"Presentation"},"content":{"rendered":"<div>\n<div id=\"attachment_319\" style=\"width: 310px\" class=\"wp-caption alignright\"><img aria-describedby=\"caption-attachment-319\" decoding=\"async\" loading=\"lazy\" class=\"wp-image-319 size-medium\" title=\"arbete (kopia)\" src=\"https:\/\/igpe.se\/wp-content\/uploads\/2024\/10\/EDE-Square-1-300x300.jpg\" alt=\"\" width=\"300\" height=\"300\" srcset=\"https:\/\/igpe.se\/wp-content\/uploads\/2024\/10\/EDE-Square-1-300x300.jpg 300w, https:\/\/igpe.se\/wp-content\/uploads\/2024\/10\/EDE-Square-1-1024x1024.jpg 1024w, https:\/\/igpe.se\/wp-content\/uploads\/2024\/10\/EDE-Square-1-150x150.jpg 150w, https:\/\/igpe.se\/wp-content\/uploads\/2024\/10\/EDE-Square-1-768x768.jpg 768w, https:\/\/igpe.se\/wp-content\/uploads\/2024\/10\/EDE-Square-1-1536x1536.jpg 1536w, https:\/\/igpe.se\/wp-content\/uploads\/2024\/10\/EDE-Square-1.jpg 1800w\" sizes=\"(max-width: 300px) 100vw, 300px\" \/><p id=\"caption-attachment-319\" class=\"wp-caption-text\">Erik Hammarstr\u00f6m leg psykolog leg terapeut, Daniel Pettersson leg psykolog och Emma Haag leg psykolog leg terapeut<\/p><\/div>\n<p><em>Vi erbjuder professionell hj\u00e4lp i samtalsform och har samtal under sekretess med unga, vuxna och par som beh\u00f6ver n\u00e5gon att tala med. Samtalskontakten varar olika l\u00e4nge beroende p\u00e5 behov och \u00f6nskem\u00e5l. Du kan v\u00e4lja en kortare kontakt eller en l\u00e4ngre och mera regelbunden samtalskontakt\/psykoterapi\/parterapi.<\/em><\/p>\n<p><em>Vi g\u00f6r tillsammans en personlig planering.<\/em><\/p>\n<p><em>Telefon 072\/2765430<\/em><\/p>\n<p><em>Sveav\u00e4gen 2A<\/em><\/p>\n<p><em>702 14 \u00d6rebro<\/em><\/p>\n<p><em><a href=\"mailto:kontakt@igpe.se\">kontakt@igpe.se<\/a><\/em><\/p>\n<p><em><a href=\"https:\/\/www.google.com\/maps\/place\/Sveav%C3%A4gen+2A,+702+14+%C3%96rebro\/@59.2669721,15.2279514,17z\/data=!3m1!4b1!4m5!3m4!1s0x465c14fecd4f9027:0x96977b6a5c9486c7!8m2!3d59.2669721!4d15.2301401\">Karta<\/a><\/em><br \/>\n<em><br \/>\n<\/em><\/p>\n<\/div>\n","protected":false},"excerpt":{"rendered":"<p>Vi erbjuder professionell hj\u00e4lp i samtalsform och har samtal under sekretess med unga, vuxna och par som beh\u00f6ver n\u00e5gon att tala med. Samtalskontakten varar olika l\u00e4nge beroende p\u00e5 behov och \u00f6nskem\u00e5l. Du kan v\u00e4lja en kortare kontakt eller en l\u00e4ngre &hellip; <a href=\"https:\/\/igpe.se\/\">Continue reading <span class=\"meta-nav\">&rarr;<\/span><\/a><\/p>\n","protected":false},"author":1,"featured_media":0,"parent":0,"menu_order":0,"comment_status":"closed","ping_status":"open","template":"","meta":[],"_links":{"self":[{"href":"https:\/\/igpe.se\/index.php?rest_route=\/wp\/v2\/pages\/23"}],"collection":[{"href":"https:\/\/igpe.se\/index.php?rest_route=\/wp\/v2\/pages"}],"about":[{"href":"https:\/\/igpe.se\/index.php?rest_route=\/wp\/v2\/types\/page"}],"author":[{"embeddable":true,"href":"https:\/\/igpe.se\/index.php?rest_route=\/wp\/v2\/users\/1"}],"replies":[{"embeddable":true,"href":"https:\/\/igpe.se\/index.php?rest_route=%2Fwp%2Fv2%2Fcomments&post=23"}],"version-history":[{"count":74,"href":"https:\/\/igpe.se\/index.php?rest_route=\/wp\/v2\/pages\/23\/revisions"}],"predecessor-version":[{"id":324,"href":"https:\/\/igpe.se\/index.php?rest_route=\/wp\/v2\/pages\/23\/revisions\/324"}],"wp:attachment":[{"href":"https:\/\/igpe.se\/index.php?rest_route=%2Fwp%2Fv2%2Fmedia&parent=23"}],"curies":[{"name":"wp","href":"https:\/\/api.w.org\/{rel}","templated":true}]}}