{"id":67,"date":"2011-02-07T12:12:22","date_gmt":"2011-02-07T12:12:22","guid":{"rendered":"http:\/\/igpe.se\/?page_id=67"},"modified":"2011-09-05T18:24:49","modified_gmt":"2011-09-05T18:24:49","slug":"integrativ-psykologi","status":"publish","type":"page","link":"https:\/\/igpe.se\/?page_id=67","title":{"rendered":"Integrativ Psykologi"},"content":{"rendered":"<p><em><a href=\"https:\/\/igpe.se\/wp-content\/uploads\/2011\/01\/v37toppcardia.jpg\"><img decoding=\"async\" loading=\"lazy\" class=\"alignright size-medium wp-image-31\" title=\"v37toppcardia\" src=\"https:\/\/igpe.se\/wp-content\/uploads\/2011\/01\/v37toppcardia-300x168.jpg\" alt=\"\" width=\"300\" height=\"168\" srcset=\"https:\/\/igpe.se\/wp-content\/uploads\/2011\/01\/v37toppcardia-300x168.jpg 300w, https:\/\/igpe.se\/wp-content\/uploads\/2011\/01\/v37toppcardia.jpg 510w\" sizes=\"(max-width: 300px) 100vw, 300px\" \/><\/a>Integrativ psykoterapi \u00e4r ett arbete man g\u00f6r med hj\u00e4lp av psykologiska metoder f\u00f6r att bidra till meningsfulla sammanhang f\u00f6r personer drabbade av psykisk oh\u00e4lsa. Centralt f\u00f6r psykoterapeuten i ett integrativt psykoterapeutiskt arbete \u00e4r att bidra till att en person kan uppr\u00e4tta f\u00f6rbindelser mellan yttre fenomen som situationer, h\u00e4ndelser, relationer, beteenden och handlingar och inre fenomen som tankar, minnen, k\u00e4nslor, motiv, m\u00e5l, fantasier med mera s\u00e5 de kommer att h\u00e4nga samman. Ett s\u00e5dant integrerande arbete leder till begriplighet, hanterbarhet, meningsfullhet och psykisk h\u00e4lsa, vilket \u00e4r syftet med integrativ psykoterapi<\/em> (Folkesson, 2011)<em>.<\/em><\/p>\n<p><em>En integrativ kunskapssyn<\/em><\/p>\n<p><em>Genom livet g\u00f6r man nya erfarenheter som beh\u00f6ver fogas samman med tidigare f\u00f6r att bli verksamma tillg\u00e5ngar i en m\u00e4nniskas liv. V\u00e5ra samlade erfarenheter, v\u00e5rt vetande och v\u00e5ra kunskapsformer utvecklas st\u00e4ndigt och kommer aldrig att bli fullbordade en g\u00e5ng f\u00f6r alla. Kunskap, vetande och insikt \u00e4r ett projekt f\u00f6r varje generation och person. Olika kunskapsformer och teorimodeller utesluter s\u00e4llan varandra. De utg\u00f6r och bidrar med olika perspektiv snarare \u00e4n \u00e5tskilda sanningar. Ett integrativt f\u00f6rh\u00e5llningss\u00e4tt till vetenskap, teori, metod och praktik \u00e4r v\u00e4l f\u00f6renligt med ambitionen att utveckla kunskapen om l\u00e4kande processer och vad som \u00e4r verksamt i psykoterapi <\/em>(Folkesson, 2011)<em>.<\/em><\/p>\n<p><em>Samarbetsrelationen<\/em><\/p>\n<p><em>Goda psykoterapeutiska effekter beror p\u00e5 psykoterapeutens f\u00f6rm\u00e5ga att skapa en god samarbetsrelation med sina klienter tillsammans med f\u00f6rm\u00e5gan att oms\u00e4tta sin teoretiska referensram till meningsfulla professionella psykoterapeutiska handlingar som bidrar till klientens k\u00e4nsla av sammanhang. Det har visat sig att variationen i behandlingsresultat f\u00f6r olika psykoterapeuter inom samma metod \u00e4r betydligt st\u00f6rre \u00e4n variationen mellan olika metoder. Det talar f\u00f6r att psykoterapeutens personliga kompetens \u00e4r av stor betydelse och inte enbart de metoder som till\u00e4mpas. Det \u00e4r kombinationen av behandlingsmetod, psykoterapeut, behandlingsrelation, klient och klientens problematik som avg\u00f6r om psykoterapi \u00e4r framg\u00e5ngsrik eller inte. Det \u00e4r s\u00e5ledes viktigt som psykoterapeut att vara \u00f6ppen f\u00f6r dessa kombinationer och att kunna utforma sitt arbete efter den kunskap som finns och utvecklas <\/em>(Folkesson, 2011)<em>.\u00a0 Att ta h\u00e4nsyn till minsta gemensamma n\u00e4mnare kring olika metoder skapar ytterligare en ing\u00e5ng i behandlingsarbetet och utesluter inte n\u00e5gon metod.<\/em><\/p>\n<p><em>Spr\u00e5kets avg\u00f6rande betydelse<\/em><\/p>\n<p><em>Spr\u00e5ket \u00e4r centralt i all psykoterapi. Det fortl\u00f6pande samtalet mellan klienten och psykoterapeuten \u00e4r den process som b\u00e4r f\u00f6r\u00e4ndringsarbetet. Om samarbetsalliansen utg\u00f6r varpen i det psykoterapeutiska arbetet kan man s\u00e4ga att de talade orden och meningarna utg\u00f6r inslag i den v\u00e4v man v\u00e4ver tillsammans. Ord skapar verklighet och i ordet ligger en djup existentiell inneb\u00f6rd <\/em>(Folkesson, 2011)<em>. <\/em><\/p>\n<p><em>Samtidigt \u00e4r det unika med orden i spr\u00e5ket att de representerar n\u00e5got annat \u00e4n sig sj\u00e4lva. Ord har alltid referenser till n\u00e5got annat utanf\u00f6r sig sj\u00e4lva, till f\u00f6rem\u00e5l, personer, h\u00e4ndelser, tankar, k\u00e4nslor, minnen, handlingar och s\u00e5 vidare. Det finns en v\u00e4rld bortom orden, den inre v\u00e4rld och yttre verklighet klienten och psykoterapeuten talar om. Den v\u00e4rld som utg\u00f6r klientens verklighet och vardag och som man arbetar med tillsammans f\u00f6r att f\u00e5 den att h\u00e4nga b\u00e4ttre samman. Det g\u00f6r den genom handling. Handling utg\u00f6r det avg\u00f6rande och mest verksamma integrativa momentet i allt f\u00f6r\u00e4ndrings- och utvecklingsarbete; att faktiskt v\u00e5ga g\u00f6ra det man \u00f6nskar g\u00f6ra men hittills undvikit att g\u00f6ra. Att handla medvetet i enlighet med sina intentioner \u00e4r verkligt befriande, integrerande och l\u00e4kande. Psykoterapi beh\u00f6ver leda fr\u00e5n ord till handling, till faktiskt g\u00f6rande i det sammanhang d\u00e4r klienten lever sitt liv, f\u00f6r att vara fullt verksam. Att handla \u00e4r att ta makten \u00f6ver sitt liv och sina undvikanden och att realisera sitt personliga livsprojekt i enlighet med sina inre avsikter <\/em>(Folkesson, 2011)<em>.<\/em><\/p>\n<p><em>Personlig integritet<\/em><\/p>\n<p><em>Begreppet `integritet\u00b4 \u00e4r n\u00e4rbesl\u00e4ktat med begreppen integrativ och integrera. Personlig integritet betyder att man upplever sig som en s\u00e4rskild, v\u00e4rdefull, sammanh\u00e4ngande och hel person, f\u00f6rankrad i ett livssammanhang och med makt att sj\u00e4lv ta ansvar f\u00f6r sin person, sina relationer, sina beslut och handlingar, sitt livsprojekt och sin personliga sanning. Personlig integritet i denna mening kan s\u00e4gas vara ett m\u00e5l i integrativ psykoterapi och psykoterapeutens respekt f\u00f6r klientens integritet \u00e4r grundl\u00e4ggande och sj\u00e4lvklar <\/em>(Folkesson, 2011)<em>.<\/em><\/p>\n<p><em>Referenser: Folkesson, Per. (2011) Integrativ psykoterapi. <\/em>www.perfolkesson.se, april 2011.<\/p>\n<p><em><br \/>\n<\/em><\/p>\n","protected":false},"excerpt":{"rendered":"<p>Integrativ psykoterapi \u00e4r ett arbete man g\u00f6r med hj\u00e4lp av psykologiska metoder f\u00f6r att bidra till meningsfulla sammanhang f\u00f6r personer drabbade av psykisk oh\u00e4lsa. Centralt f\u00f6r psykoterapeuten i ett integrativt psykoterapeutiskt arbete \u00e4r att bidra till att en person kan &hellip; <a href=\"https:\/\/igpe.se\/?page_id=67\">Continue reading <span class=\"meta-nav\">&rarr;<\/span><\/a><\/p>\n","protected":false},"author":1,"featured_media":112,"parent":0,"menu_order":0,"comment_status":"closed","ping_status":"open","template":"","meta":[],"_links":{"self":[{"href":"https:\/\/igpe.se\/index.php?rest_route=\/wp\/v2\/pages\/67"}],"collection":[{"href":"https:\/\/igpe.se\/index.php?rest_route=\/wp\/v2\/pages"}],"about":[{"href":"https:\/\/igpe.se\/index.php?rest_route=\/wp\/v2\/types\/page"}],"author":[{"embeddable":true,"href":"https:\/\/igpe.se\/index.php?rest_route=\/wp\/v2\/users\/1"}],"replies":[{"embeddable":true,"href":"https:\/\/igpe.se\/index.php?rest_route=%2Fwp%2Fv2%2Fcomments&post=67"}],"version-history":[{"count":25,"href":"https:\/\/igpe.se\/index.php?rest_route=\/wp\/v2\/pages\/67\/revisions"}],"predecessor-version":[{"id":166,"href":"https:\/\/igpe.se\/index.php?rest_route=\/wp\/v2\/pages\/67\/revisions\/166"}],"wp:featuredmedia":[{"embeddable":true,"href":"https:\/\/igpe.se\/index.php?rest_route=\/wp\/v2\/media\/112"}],"wp:attachment":[{"href":"https:\/\/igpe.se\/index.php?rest_route=%2Fwp%2Fv2%2Fmedia&parent=67"}],"curies":[{"name":"wp","href":"https:\/\/api.w.org\/{rel}","templated":true}]}}